{"id":8,"date":"2021-11-10T13:43:52","date_gmt":"2021-11-10T13:43:52","guid":{"rendered":"https:\/\/parturikampaamoshaka.fi\/?page_id=8"},"modified":"2026-02-08T08:05:56","modified_gmt":"2026-02-08T08:05:56","slug":"etusivu","status":"publish","type":"page","link":"https:\/\/parturikampaamoshaka.fi\/","title":{"rendered":"Etusivu"},"content":{"rendered":"\n<div class=\"wp-block-cover alignfull\" style=\"min-height:600px;aspect-ratio:unset;\"><img loading=\"lazy\" decoding=\"async\" width=\"2000\" height=\"1333\" class=\"wp-block-cover__image-background wp-image-22\" alt=\"\" src=\"https:\/\/parturikampaamoshaka.fi\/wp-content\/uploads\/2021\/11\/hair-water-facial-expression-smile-fun-drink-1500309-pxhere.com_.jpg\" style=\"object-position:36% 47%\" data-object-fit=\"cover\" data-object-position=\"36% 47%\" srcset=\"https:\/\/parturikampaamoshaka.fi\/wp-content\/uploads\/2021\/11\/hair-water-facial-expression-smile-fun-drink-1500309-pxhere.com_.jpg 2000w, https:\/\/parturikampaamoshaka.fi\/wp-content\/uploads\/2021\/11\/hair-water-facial-expression-smile-fun-drink-1500309-pxhere.com_-300x200.jpg 300w, https:\/\/parturikampaamoshaka.fi\/wp-content\/uploads\/2021\/11\/hair-water-facial-expression-smile-fun-drink-1500309-pxhere.com_-1024x682.jpg 1024w, https:\/\/parturikampaamoshaka.fi\/wp-content\/uploads\/2021\/11\/hair-water-facial-expression-smile-fun-drink-1500309-pxhere.com_-768x512.jpg 768w, https:\/\/parturikampaamoshaka.fi\/wp-content\/uploads\/2021\/11\/hair-water-facial-expression-smile-fun-drink-1500309-pxhere.com_-1536x1024.jpg 1536w\" sizes=\"auto, (max-width: 2000px) 100vw, 2000px\" \/><span aria-hidden=\"true\" class=\"wp-block-cover__background has-background-dim-80 has-background-dim wp-block-cover__gradient-background has-background-gradient\" style=\"background:linear-gradient(180deg,rgb(52,52,52) 0%,rgba(155,82,224,0) 100%)\"><\/span><div class=\"wp-block-cover__inner-container is-layout-flow wp-block-cover-is-layout-flow\">\n<p class=\"has-text-align-center has-large-font-size\"><\/p>\n\n\n\n<p class=\"has-text-align-center\"><\/p>\n<\/div><\/div>\n\n\n\n<div style=\"height:35px\" aria-hidden=\"true\" class=\"wp-block-spacer\"><\/div>\n\n\n\n<section class=\"wp-block-uagb-columns uagb-columns__wrap uagb-columns__background-undefined uagb-columns__stack-mobile uagb-columns__valign-undefined uagb-columns__gap-10 alignundefined uagb-block-be4457a5\"><div class=\"uagb-columns__overlay\"><\/div><div class=\"uagb-columns__inner-wrap uagb-columns__columns-3\">\n<div class=\"wp-block-uagb-column uagb-column__wrap uagb-column__background-undefined uagb-block-d63c7be3\"><div class=\"uagb-column__overlay\"><\/div><div class=\"uagb-column__inner-wrap\"><\/div><\/div>\n\n\n\n<div class=\"wp-block-uagb-column uagb-column__wrap uagb-column__background-undefined uagb-block-8c1a318a\"><div class=\"uagb-column__overlay\"><\/div><div class=\"uagb-column__inner-wrap\">\n<h2 class=\"wp-block-heading has-text-align-center\" id=\"tervetuloa-parturi-kampaamo-shakaan\">Tervetuloa Hyv\u00e4n Olon Shakaan!<\/h2>\n\n\n\n<p class=\"has-text-align-center\">Hyv\u00e4n Olon Shaka on rento ja tunnelmallinen parturi-kampaamo mahtavalla sijainnilla aivan Jyv\u00e4skyl\u00e4n keskustan kupeessa. Lis\u00e4ksi kauneus- ja hyvinvointihoitolan puolelta ihanista tiluksista l\u00f6yd\u00e4t urheiluhierojan, kosmetologin sek\u00e4 kynsiteknikon palvelut.<\/p>\n\n\n\n<p class=\"has-text-align-center\">Palvelemme sopimuksen mukaan, jotta voimme ty\u00f6skennell\u00e4 mahdollisimman joustavasti, parhaiten Sinulle sopivaan aikaan. Meilt\u00e4 on mahdollista saada my\u00f6s hiljainen palvelu- jolloin voit rentoutua ja nauttia k\u00e4ynnist\u00e4si ilman turhia h\u00f6pin\u00f6it\u00e4.<br>Meille voi soittaa, laittaa viesti\u00e4 tai s\u00e4hk\u00f6postia, mik\u00e4li haluat lis\u00e4tietoja palveluista, hoidoista, tuotteista tai ajanvarauksesta \ud83e\udd0d<\/p>\n\n\n\n<p class=\"has-text-align-center\">Liikkeen edustalta l\u00f6ytyy kiekkopaikkoja <br>sek\u00e4 lis\u00e4ksi kiekoton tienvarsipys\u00e4k\u00f6inti Kiljanderinkadun varrella, <br>joten saat autosi parkkeerattua aivan liikkeemme l\u00e4heisyyteen<\/p>\n\n\n\n<p class=\"has-text-align-center\"><\/p>\n\n\n\n<p class=\"has-text-align-center\"> <em>N\u00e4hd\u00e4\u00e4n pian!<\/em> <\/p>\n\n\n\n<p class=\"has-text-align-center\"><\/p>\n<\/div><\/div>\n\n\n\n<div class=\"wp-block-uagb-column uagb-column__wrap uagb-column__background-undefined uagb-block-00de59ca\"><div class=\"uagb-column__overlay\"><\/div><div class=\"uagb-column__inner-wrap\"><\/div><\/div>\n<\/div><\/section>\n\n\n\n<h3 class=\"wp-block-heading has-text-align-center\"><\/h3>\n\n\n\n<h3 class=\"wp-block-heading has-text-align-center\"><\/h3>\n\n\n\n<p class=\"has-text-align-center\"><\/p>\n\n\n\n<p class=\"has-text-align-center\"><\/p>\n\n\n\n<p class=\"has-text-align-center\"><\/p>\n\n\n\n<p class=\"has-text-align-center\"><\/p>\n\n\n\n<p class=\"has-text-align-center\"><\/p>\n\n\n\n<div class=\"wp-block-cover alignfull\" style=\"min-height:600px;aspect-ratio:unset;\"><img loading=\"lazy\" decoding=\"async\" width=\"2560\" height=\"1795\" class=\"wp-block-cover__image-background wp-image-410\" alt=\"\" src=\"https:\/\/parturikampaamoshaka.fi\/wp-content\/uploads\/2023\/11\/20231019_185245-3-scaled.jpg\" style=\"object-position:87% 56%\" data-object-fit=\"cover\" data-object-position=\"87% 56%\" srcset=\"https:\/\/parturikampaamoshaka.fi\/wp-content\/uploads\/2023\/11\/20231019_185245-3-scaled.jpg 2560w, https:\/\/parturikampaamoshaka.fi\/wp-content\/uploads\/2023\/11\/20231019_185245-3-300x210.jpg 300w, https:\/\/parturikampaamoshaka.fi\/wp-content\/uploads\/2023\/11\/20231019_185245-3-1024x718.jpg 1024w, https:\/\/parturikampaamoshaka.fi\/wp-content\/uploads\/2023\/11\/20231019_185245-3-768x539.jpg 768w, https:\/\/parturikampaamoshaka.fi\/wp-content\/uploads\/2023\/11\/20231019_185245-3-1536x1077.jpg 1536w, https:\/\/parturikampaamoshaka.fi\/wp-content\/uploads\/2023\/11\/20231019_185245-3-2048x1436.jpg 2048w\" sizes=\"auto, (max-width: 2560px) 100vw, 2560px\" \/><span aria-hidden=\"true\" class=\"wp-block-cover__background has-background-dim-80 has-background-dim wp-block-cover__gradient-background has-background-gradient\" style=\"background:linear-gradient(180deg,rgba(192,192,192,0.92) 0%,rgba(15,15,15,0.99) 100%)\"><\/span><div class=\"wp-block-cover__inner-container is-layout-flow wp-block-cover-is-layout-flow\">\n<h1 class=\"wp-block-heading has-text-align-center has-ast-global-color-6-color has-text-color\" id=\"lampimasti-tervetuloa\" style=\"font-size:80px\">L\u00e4mpim\u00e4sti tervetuloa!<\/h1>\n\n\n\n<div class=\"wp-block-buttons is-horizontal is-content-justification-center is-layout-flex wp-container-core-buttons-is-layout-03627597 wp-block-buttons-is-layout-flex\"><\/div>\n\n\n\n<h2 class=\"wp-block-heading has-text-align-center has-ast-global-color-6-color has-text-color\"><\/h2>\n\n\n\n<div class=\"wp-block-buttons is-horizontal is-content-justification-center is-layout-flex wp-container-core-buttons-is-layout-03627597 wp-block-buttons-is-layout-flex\">\n<div class=\"wp-block-button is-style-outline is-style-outline--1\"><a class=\"wp-block-button__link has-ast-global-color-5-color has-text-color wp-element-button\" href=\"https:\/\/booksalon.fi\/hyvanolonshaka\" target=\"_blank\" rel=\"noreferrer noopener\">Varaa aikasi parturi-kampaajalle ja kynsiteknikolle t\u00e4st\u00e4!<\/a><\/div>\n\n\n\n<div class=\"wp-block-button is-style-outline is-style-outline--2\"><a class=\"wp-block-button__link has-ast-global-color-5-color has-text-color wp-element-button\" href=\"https:\/\/varaa.timma.fi\/rlrecovery\" target=\"_blank\" rel=\"noreferrer noopener\">Varaa aikasi hierontaan t\u00e4st\u00e4!<\/a><\/div>\n\n\n\n<div class=\"wp-block-button is-style-outline is-style-outline--3\"><a class=\"wp-block-button__link has-ast-global-color-5-color has-text-color wp-element-button\" href=\"https:\/\/varaa.timma.fi\/serenebeautyspa\" target=\"_blank\" rel=\"noreferrer noopener\">Varaa aikasi kosmetologille t\u00e4st\u00e4!<\/a><\/div>\n<\/div>\n\n\n\n<p><\/p>\n\n\n\n<div class=\"wp-block-buttons is-horizontal is-content-justification-center is-layout-flex wp-container-core-buttons-is-layout-03627597 wp-block-buttons-is-layout-flex\"><\/div>\n<\/div><\/div>\n\n\n\n<p><\/p>\n","protected":false},"excerpt":{"rendered":"","protected":false},"author":1,"featured_media":0,"parent":0,"menu_order":0,"comment_status":"closed","ping_status":"closed","template":"","meta":{"site-sidebar-layout":"default","site-content-layout":"default","ast-site-content-layout":"default","site-content-style":"default","site-sidebar-style":"default","ast-global-header-display":"","ast-banner-title-visibility":"","ast-main-header-display":"","ast-hfb-above-header-display":"","ast-hfb-below-header-display":"","ast-hfb-mobile-header-display":"","site-post-title":"disabled","ast-breadcrumbs-content":"","ast-featured-img":"","footer-sml-layout":"","theme-transparent-header-meta":"enabled","adv-header-id-meta":"","stick-header-meta":"disabled","header-above-stick-meta":"","header-main-stick-meta":"","header-below-stick-meta":"","astra-migrate-meta-layouts":"set","ast-page-background-enabled":"default","ast-page-background-meta":{"desktop":{"background-color":"","background-image":"","background-repeat":"repeat","background-position":"center center","background-size":"auto","background-attachment":"scroll","background-type":"","background-media":"","overlay-type":"","overlay-color":"","overlay-gradient":""},"tablet":{"background-color":"","background-image":"","background-repeat":"repeat","background-position":"center center","background-size":"auto","background-attachment":"scroll","background-type":"","background-media":"","overlay-type":"","overlay-color":"","overlay-gradient":""},"mobile":{"background-color":"","background-image":"","background-repeat":"repeat","background-position":"center center","background-size":"auto","background-attachment":"scroll","background-type":"","background-media":"","overlay-type":"","overlay-color":"","overlay-gradient":""}},"ast-content-background-meta":{"desktop":{"background-color":"var(--ast-global-color-5)","background-image":"","background-repeat":"repeat","background-position":"center center","background-size":"auto","background-attachment":"scroll","background-type":"","background-media":"","overlay-type":"","overlay-color":"","overlay-gradient":""},"tablet":{"background-color":"var(--ast-global-color-5)","background-image":"","background-repeat":"repeat","background-position":"center center","background-size":"auto","background-attachment":"scroll","background-type":"","background-media":"","overlay-type":"","overlay-color":"","overlay-gradient":""},"mobile":{"background-color":"var(--ast-global-color-5)","background-image":"","background-repeat":"repeat","background-position":"center center","background-size":"auto","background-attachment":"scroll","background-type":"","background-media":"","overlay-type":"","overlay-color":"","overlay-gradient":""}},"footnotes":""},"class_list":["post-8","page","type-page","status-publish","hentry"],"uagb_featured_image_src":{"full":false,"thumbnail":false,"medium":false,"medium_large":false,"large":false,"1536x1536":false,"2048x2048":false},"uagb_author_info":{"display_name":"admin","author_link":"https:\/\/parturikampaamoshaka.fi\/?author=1"},"uagb_comment_info":0,"uagb_excerpt":null,"_links":{"self":[{"href":"https:\/\/parturikampaamoshaka.fi\/index.php?rest_route=\/wp\/v2\/pages\/8","targetHints":{"allow":["GET"]}}],"collection":[{"href":"https:\/\/parturikampaamoshaka.fi\/index.php?rest_route=\/wp\/v2\/pages"}],"about":[{"href":"https:\/\/parturikampaamoshaka.fi\/index.php?rest_route=\/wp\/v2\/types\/page"}],"author":[{"embeddable":true,"href":"https:\/\/parturikampaamoshaka.fi\/index.php?rest_route=\/wp\/v2\/users\/1"}],"replies":[{"embeddable":true,"href":"https:\/\/parturikampaamoshaka.fi\/index.php?rest_route=%2Fwp%2Fv2%2Fcomments&post=8"}],"version-history":[{"count":92,"href":"https:\/\/parturikampaamoshaka.fi\/index.php?rest_route=\/wp\/v2\/pages\/8\/revisions"}],"predecessor-version":[{"id":669,"href":"https:\/\/parturikampaamoshaka.fi\/index.php?rest_route=\/wp\/v2\/pages\/8\/revisions\/669"}],"wp:attachment":[{"href":"https:\/\/parturikampaamoshaka.fi\/index.php?rest_route=%2Fwp%2Fv2%2Fmedia&parent=8"}],"curies":[{"name":"wp","href":"https:\/\/api.w.org\/{rel}","templated":true}]}}