{"id":429,"date":"2023-11-09T07:21:27","date_gmt":"2023-11-09T07:21:27","guid":{"rendered":"https:\/\/parturikampaamoshaka.fi\/?page_id=429"},"modified":"2025-08-10T08:58:40","modified_gmt":"2025-08-10T08:58:40","slug":"sokerointi","status":"publish","type":"page","link":"https:\/\/parturikampaamoshaka.fi\/?page_id=429","title":{"rendered":"Kynsipalvelut"},"content":{"rendered":"\n<div class=\"wp-block-cover alignfull is-light\" style=\"min-height:600px;aspect-ratio:unset;\"><img loading=\"lazy\" decoding=\"async\" width=\"1080\" height=\"963\" class=\"wp-block-cover__image-background wp-image-610\" alt=\"\" src=\"https:\/\/parturikampaamoshaka.fi\/wp-content\/uploads\/2024\/11\/Screenshot_20241110_111752_Instagram.jpg\" data-object-fit=\"cover\" srcset=\"https:\/\/parturikampaamoshaka.fi\/wp-content\/uploads\/2024\/11\/Screenshot_20241110_111752_Instagram.jpg 1080w, https:\/\/parturikampaamoshaka.fi\/wp-content\/uploads\/2024\/11\/Screenshot_20241110_111752_Instagram-300x268.jpg 300w, https:\/\/parturikampaamoshaka.fi\/wp-content\/uploads\/2024\/11\/Screenshot_20241110_111752_Instagram-1024x913.jpg 1024w, https:\/\/parturikampaamoshaka.fi\/wp-content\/uploads\/2024\/11\/Screenshot_20241110_111752_Instagram-768x685.jpg 768w\" sizes=\"auto, (max-width: 1080px) 100vw, 1080px\" \/><span aria-hidden=\"true\" class=\"wp-block-cover__background has-background-dim-80 has-background-dim wp-block-cover__gradient-background has-background-gradient\" style=\"background-color:#9f9590;background:linear-gradient(180deg,rgb(35,35,35) 0%,rgba(255,255,255,0.36) 100%)\"><\/span><div class=\"wp-block-cover__inner-container is-layout-flow wp-block-cover-is-layout-flow\">\n<p><\/p>\n\n\n\n<p><\/p>\n\n\n\n<p><\/p>\n\n\n\n<p><\/p>\n\n\n\n<p><\/p>\n\n\n\n<p><\/p>\n\n\n\n<p><\/p>\n\n\n\n<p class=\"has-text-align-center\"><\/p>\n\n\n\n<h1 class=\"wp-block-heading has-text-align-center has-ast-global-color-5-color has-text-color\" id=\"hinnasto\" style=\"font-size:85px\">Kynsipalvelut<\/h1>\n\n\n\n<h2 class=\"wp-block-heading has-text-align-center\"><strong>@soffunkynnet<\/strong><\/h2>\n\n\n\n<p class=\"has-text-align-center\"><\/p>\n\n\n\n<div class=\"wp-block-buttons is-content-justification-center is-layout-flex wp-container-core-buttons-is-layout-a89b3969 wp-block-buttons-is-layout-flex\">\n<div class=\"wp-block-button\"><a class=\"wp-block-button__link wp-element-button\" href=\"https:\/\/booksalon.fi\/hyvanolonshaka\">Varaa aikasi t\u00e4st\u00e4!<\/a><\/div>\n<\/div>\n<\/div><\/div>\n\n\n\n<div style=\"height:40px\" aria-hidden=\"true\" class=\"wp-block-spacer\"><\/div>\n\n\n\n<p class=\"has-text-align-center\"><\/p>\n\n\n\n<p class=\"has-text-align-center\"><\/p>\n\n\n\n<figure class=\"wp-block-image aligncenter size-medium is-resized is-style-rounded\"><img loading=\"lazy\" decoding=\"async\" width=\"291\" height=\"300\" src=\"https:\/\/parturikampaamoshaka.fi\/wp-content\/uploads\/2024\/09\/Screenshot_20240921_182539_WhatsApp-291x300.jpg\" alt=\"\" class=\"wp-image-584\" style=\"width:142px;height:auto\" srcset=\"https:\/\/parturikampaamoshaka.fi\/wp-content\/uploads\/2024\/09\/Screenshot_20240921_182539_WhatsApp-291x300.jpg 291w, https:\/\/parturikampaamoshaka.fi\/wp-content\/uploads\/2024\/09\/Screenshot_20240921_182539_WhatsApp.jpg 636w\" sizes=\"auto, (max-width: 291px) 100vw, 291px\" \/><\/figure>\n\n\n\n<h2 class=\"wp-block-heading has-text-align-center\"><strong>Kynsiteknikko Sofia \/ Soffun Kynnet<\/strong><\/h2>\n\n\n\n<p class=\"has-text-align-center\"><\/p>\n\n\n\n<p class=\"has-text-align-center\">Heiii m\u00e4 olen Sofia ja toimin Hyv\u00e4n Olon Shakassa kynsiteknikkona. Olen p\u00e4\u00e4ssyt t\u00e4nne toteuttamaan pitk\u00e4aikaista unelmaani ja olen t\u00e4st\u00e4 niiiin innoissani.&nbsp;Minulle on t\u00e4rke\u00e4\u00e4 ett\u00e4 saat tulla palveluihini t\u00e4ysin omana itsen\u00e4si ja l\u00e4hte\u00e4 tyytyv\u00e4isen\u00e4 saamasi palveluun ja lopputulokseen.&nbsp;K\u00e4denj\u00e4lke\u00e4ni p\u00e4\u00e4set kurkkaamaan instagramista @soffunkynnet<\/p>\n\n\n\n<p class=\"has-text-align-center\">N\u00e4hd\u00e4\u00e4n kynsien parissa! &lt;3<\/p>\n\n\n\n<p class=\"has-text-align-center\"><strong>SEURAA SOMESSA @soffunkynnet<\/strong><\/p>\n\n\n\n<section class=\"wp-block-uagb-columns uagb-columns__wrap uagb-columns__background-color uagb-columns__stack-mobile uagb-columns__valign-undefined uagb-columns__gap-10 alignfull uagb-block-47d57be3\"><div class=\"uagb-columns__overlay\"><\/div><div class=\"uagb-columns__inner-wrap uagb-columns__columns-1\">\n<div class=\"wp-block-uagb-column uagb-column__wrap uagb-column__background-undefined uagb-block-a28e7328\"><div class=\"uagb-column__overlay\"><\/div><div class=\"uagb-column__inner-wrap\">\n<h2 class=\"wp-block-heading has-text-align-center\" id=\"ripset-ja-kulmat\"><strong>Hinnasto<\/strong><\/h2>\n\n\n\n<p class=\"has-text-align-center\"><\/p>\n\n\n\n<div class=\"wp-block-uagb-restaurant-menu uagb-rest_menu__outer-wrap uagb-block-b69f6c99\">\n<div class=\"uagb-rest_menu__wrap uagb-rest_menu_repeater  uagb-rm__align-left uagb-rm__desk-column-2 uagb-rm__tablet-column-2 uagb-rm__mobile-column-1 \"><div class=\"uagb-rest_menu__outer-wrap uagb-block-9d4cb9b8\"><div class=\" uagb-rm__align-left uagb-rm__desk-column-2 uagb-rm__tablet-column-2 uagb-rm__mobile-column-1 \"><div class=\"uagb-rm__content\"><div class=\"uagb-rm__text-wrap\"><div class=\"uagb-rm-details\"><div class=\"uagb-rm__title-wrap\"><h4 class=\"uagb-rm__title\">Rakennekynnet uudet <\/h4><div class=\"uagb-rest-menu-text-wrap\"><div class=\"uagb-rm__desc\">Sis\u00e4lt\u00e4\u00e4 yksiv\u00e4risen geelilakan. Lis\u00e4palveluista p\u00e4\u00e4set valitsemaan halutessasi koristelut.<br><\/div><\/div><\/div><div class=\"uagb-rm__price-wrap\"><span class=\"uagb-rm__price\">75-90\u20ac<\/span><\/div><\/div><\/div><\/div><div class=\"uagb-rm__separator-parent\"><div class=\"uagb-rm__separator\"><\/div><\/div><\/div><\/div><\/div>\n\n\n\n<div class=\"uagb-rest_menu__wrap uagb-rest_menu_repeater  uagb-rm__align-left uagb-rm__desk-column-2 uagb-rm__tablet-column-2 uagb-rm__mobile-column-1 \"><div class=\"uagb-rest_menu__outer-wrap uagb-block-b80e2a73\"><div class=\" uagb-rm__align-left uagb-rm__desk-column-2 uagb-rm__tablet-column-2 uagb-rm__mobile-column-1 \"><div class=\"uagb-rm__content\"><div class=\"uagb-rm__text-wrap\"><div class=\"uagb-rm-details\"><div class=\"uagb-rm__title-wrap\"><h4 class=\"uagb-rm__title\">Rakennekynnet huolto  <\/h4><div class=\"uagb-rest-menu-text-wrap\"><div class=\"uagb-rm__desc\">Sis\u00e4lt\u00e4\u00e4 yksiv\u00e4risen geelilakan. Lis\u00e4palveluista p\u00e4\u00e4set valitsemaan halutessasi koristelut.\u00a0<br><\/div><\/div><\/div><div class=\"uagb-rm__price-wrap\"><span class=\"uagb-rm__price\">70-85\u20ac<\/span><\/div><\/div><\/div><\/div><div class=\"uagb-rm__separator-parent\"><div class=\"uagb-rm__separator\"><\/div><\/div><\/div><\/div><\/div>\n\n\n\n<div class=\"uagb-rest_menu__wrap uagb-rest_menu_repeater  uagb-rm__align-left uagb-rm__desk-column-2 uagb-rm__tablet-column-2 uagb-rm__mobile-column-1 \"><div class=\"uagb-rest_menu__outer-wrap uagb-block-3bdbc145\"><div class=\" uagb-rm__align-left uagb-rm__desk-column-2 uagb-rm__tablet-column-2 uagb-rm__mobile-column-1 \"><div class=\"uagb-rm__content\"><div class=\"uagb-rm__text-wrap\"><div class=\"uagb-rm-details\"><div class=\"uagb-rm__title-wrap\"><h4 class=\"uagb-rm__title\">Geelivahvistus uudet\/huolto<\/h4><div class=\"uagb-rest-menu-text-wrap\"><div class=\"uagb-rm__desc\">Joustavalla geelill\u00e4 tehty vahvistus oman kynnen p\u00e4\u00e4lle. Sis\u00e4lt\u00e4\u00e4 yksiv\u00e4risen geelilakan. Lis\u00e4palveluista p\u00e4\u00e4set valitsemaan halutessasi koristelut. T\u00e4m\u00e4 palvelu sopii hyvin kynsien kasvattamiseen, sek\u00e4 kynsien ja kynsinauhojen pureskelun lopettamiseen.<br><\/div><\/div><\/div><div class=\"uagb-rm__price-wrap\"><span class=\"uagb-rm__price\">60\u20ac<\/span><\/div><\/div><\/div><\/div><div class=\"uagb-rm__separator-parent\"><div class=\"uagb-rm__separator\"><\/div><\/div><\/div><\/div><\/div>\n\n\n\n<div class=\"uagb-rest_menu__wrap uagb-rest_menu_repeater  uagb-rm__align-left uagb-rm__desk-column-2 uagb-rm__tablet-column-2 uagb-rm__mobile-column-1 \"><div class=\"uagb-rest_menu__outer-wrap uagb-block-c899ce43\"><div class=\" uagb-rm__align-left uagb-rm__desk-column-2 uagb-rm__tablet-column-2 uagb-rm__mobile-column-1 \"><div class=\"uagb-rm__content\"><div class=\"uagb-rm__text-wrap\"><div class=\"uagb-rm-details\"><div class=\"uagb-rm__title-wrap\"><h4 class=\"uagb-rm__title\">Varpaankynsien geelilakkaus\/huolto<\/h4><div class=\"uagb-rest-menu-text-wrap\"><div class=\"uagb-rm__desc\"><\/div><\/div><\/div><div class=\"uagb-rm__price-wrap\"><span class=\"uagb-rm__price\">45\u20ac<\/span><\/div><\/div><\/div><\/div><div class=\"uagb-rm__separator-parent\"><div class=\"uagb-rm__separator\"><\/div><\/div><\/div><\/div><\/div>\n\n\n\n<div class=\"uagb-rest_menu__wrap uagb-rest_menu_repeater  uagb-rm__align-left uagb-rm__desk-column-2 uagb-rm__tablet-column-2 uagb-rm__mobile-column-1 \"><div class=\"uagb-rest_menu__outer-wrap uagb-block-82963718\"><div class=\" uagb-rm__align-left uagb-rm__desk-column-2 uagb-rm__tablet-column-2 uagb-rm__mobile-column-1 \"><div class=\"uagb-rm__content\"><div class=\"uagb-rm__text-wrap\"><div class=\"uagb-rm-details\"><div class=\"uagb-rm__title-wrap\"><h4 class=\"uagb-rm__title\">Rakenteiden poisto<\/h4><div class=\"uagb-rest-menu-text-wrap\"><div class=\"uagb-rm__desc\"><\/div><\/div><\/div><div class=\"uagb-rm__price-wrap\"><span class=\"uagb-rm__price\">30\u20ac<\/span><\/div><\/div><\/div><\/div><div class=\"uagb-rm__separator-parent\"><div class=\"uagb-rm__separator\"><\/div><\/div><\/div><\/div><\/div>\n\n\n\n<div class=\"uagb-rest_menu__wrap uagb-rest_menu_repeater  uagb-rm__align-left uagb-rm__desk-column-2 uagb-rm__tablet-column-2 uagb-rm__mobile-column-1 \"><div class=\"uagb-rest_menu__outer-wrap uagb-block-84b1c57b\"><div class=\" uagb-rm__align-left uagb-rm__desk-column-2 uagb-rm__tablet-column-2 uagb-rm__mobile-column-1 \"><div class=\"uagb-rm__content\"><div class=\"uagb-rm__text-wrap\"><div class=\"uagb-rm-details\"><div class=\"uagb-rm__title-wrap\"><h4 class=\"uagb-rm__title\">Press on kynnet<\/h4><div class=\"uagb-rest-menu-text-wrap\"><div class=\"uagb-rm__desc\"><\/div><\/div><\/div><div class=\"uagb-rm__price-wrap\"><span class=\"uagb-rm__price\">alk. 20\u20ac<\/span><\/div><\/div><\/div><\/div><div class=\"uagb-rm__separator-parent\"><div class=\"uagb-rm__separator\"><\/div><\/div><\/div><\/div><\/div>\n\n\n\n<div class=\"uagb-rest_menu__wrap uagb-rest_menu_repeater  uagb-rm__align-left uagb-rm__desk-column-2 uagb-rm__tablet-column-2 uagb-rm__mobile-column-1 \"><div class=\"uagb-rest_menu__outer-wrap uagb-block-680c167a\"><div class=\" uagb-rm__align-left uagb-rm__desk-column-2 uagb-rm__tablet-column-2 uagb-rm__mobile-column-1 \"><div class=\"uagb-rm__content\"><div class=\"uagb-rm__text-wrap\"><div class=\"uagb-rm-details\"><div class=\"uagb-rm__title-wrap\"><h4 class=\"uagb-rm__title\">Kevyt koristelu<\/h4><div class=\"uagb-rest-menu-text-wrap\"><div class=\"uagb-rm__desc\"><\/div><\/div><\/div><div class=\"uagb-rm__price-wrap\"><span class=\"uagb-rm__price\">5\u20ac<\/span><\/div><\/div><\/div><\/div><div class=\"uagb-rm__separator-parent\"><div class=\"uagb-rm__separator\"><\/div><\/div><\/div><\/div><\/div>\n\n\n\n<div class=\"uagb-rest_menu__wrap uagb-rest_menu_repeater  uagb-rm__align-left uagb-rm__desk-column-2 uagb-rm__tablet-column-2 uagb-rm__mobile-column-1 \"><div class=\"uagb-rest_menu__outer-wrap uagb-block-cad28f5a\"><div class=\" uagb-rm__align-left uagb-rm__desk-column-2 uagb-rm__tablet-column-2 uagb-rm__mobile-column-1 \"><div class=\"uagb-rm__content\"><div class=\"uagb-rm__text-wrap\"><div class=\"uagb-rm-details\"><div class=\"uagb-rm__title-wrap\"><h4 class=\"uagb-rm__title\">Vaativampi koristelu<\/h4><div class=\"uagb-rest-menu-text-wrap\"><div class=\"uagb-rm__desc\"><\/div><\/div><\/div><div class=\"uagb-rm__price-wrap\"><span class=\"uagb-rm__price\">10\u20ac<\/span><\/div><\/div><\/div><\/div><div class=\"uagb-rm__separator-parent\"><div class=\"uagb-rm__separator\"><\/div><\/div><\/div><\/div><\/div>\n<\/div>\n<\/div><\/div>\n<\/div><\/section>\n\n\n\n<p class=\"has-text-align-center\"><\/p>\n\n\n\n<p class=\"has-text-align-left\"><strong>Peruutusehdot<\/strong><\/p>\n\n\n\n<p class=\"has-text-align-left\"><em>Mik\u00e4li joudut peruuttamaan aikasi, teeth\u00e4n sen viimeist\u00e4\u00e4n 24h ennen varattua aikaa. Saman vuorokauden aikana tehdyist\u00e4 peruutuksista yritt\u00e4j\u00e4ll\u00e4 on oikeus peri\u00e4 50% palvelun hinnasta sek\u00e4 kokonaan peruuttamattomista ajoista 100% palvelun hinnasta.<\/em><\/p>\n\n\n\n<div style=\"height:38px\" aria-hidden=\"true\" class=\"wp-block-spacer\"><\/div>\n\n\n\n<p><\/p>\n","protected":false},"excerpt":{"rendered":"<p>Kynsiteknikko Sofia \/ Soffun Kynnet Heiii m\u00e4 olen Sofia ja toimin Hyv\u00e4n Olon Shakassa kynsiteknikkona. Olen p\u00e4\u00e4ssyt t\u00e4nne toteuttamaan pitk\u00e4aikaista unelmaani ja olen t\u00e4st\u00e4 niiiin innoissani.&nbsp;Minulle on t\u00e4rke\u00e4\u00e4 ett\u00e4 saat tulla palveluihini t\u00e4ysin omana itsen\u00e4si ja l\u00e4hte\u00e4 tyytyv\u00e4isen\u00e4 saamasi palveluun ja lopputulokseen.&nbsp;K\u00e4denj\u00e4lke\u00e4ni p\u00e4\u00e4set kurkkaamaan instagramista @soffunkynnet N\u00e4hd\u00e4\u00e4n kynsien parissa! &lt;3 SEURAA SOMESSA @soffunkynnet Peruutusehdot Mik\u00e4li [&hellip;]<\/p>\n","protected":false},"author":1,"featured_media":0,"parent":0,"menu_order":0,"comment_status":"closed","ping_status":"closed","template":"","meta":{"site-sidebar-layout":"default","site-content-layout":"default","ast-site-content-layout":"default","site-content-style":"default","site-sidebar-style":"default","ast-global-header-display":"","ast-banner-title-visibility":"","ast-main-header-display":"","ast-hfb-above-header-display":"","ast-hfb-below-header-display":"","ast-hfb-mobile-header-display":"","site-post-title":"disabled","ast-breadcrumbs-content":"","ast-featured-img":"","footer-sml-layout":"","theme-transparent-header-meta":"default","adv-header-id-meta":"","stick-header-meta":"default","header-above-stick-meta":"","header-main-stick-meta":"","header-below-stick-meta":"","astra-migrate-meta-layouts":"set","ast-page-background-enabled":"default","ast-page-background-meta":{"desktop":{"background-color":"","background-image":"","background-repeat":"repeat","background-position":"center center","background-size":"auto","background-attachment":"scroll","background-type":"","background-media":"","overlay-type":"","overlay-color":"","overlay-gradient":""},"tablet":{"background-color":"","background-image":"","background-repeat":"repeat","background-position":"center center","background-size":"auto","background-attachment":"scroll","background-type":"","background-media":"","overlay-type":"","overlay-color":"","overlay-gradient":""},"mobile":{"background-color":"","background-image":"","background-repeat":"repeat","background-position":"center center","background-size":"auto","background-attachment":"scroll","background-type":"","background-media":"","overlay-type":"","overlay-color":"","overlay-gradient":""}},"ast-content-background-meta":{"desktop":{"background-color":"var(--ast-global-color-5)","background-image":"","background-repeat":"repeat","background-position":"center center","background-size":"auto","background-attachment":"scroll","background-type":"","background-media":"","overlay-type":"","overlay-color":"","overlay-gradient":""},"tablet":{"background-color":"var(--ast-global-color-5)","background-image":"","background-repeat":"repeat","background-position":"center center","background-size":"auto","background-attachment":"scroll","background-type":"","background-media":"","overlay-type":"","overlay-color":"","overlay-gradient":""},"mobile":{"background-color":"var(--ast-global-color-5)","background-image":"","background-repeat":"repeat","background-position":"center center","background-size":"auto","background-attachment":"scroll","background-type":"","background-media":"","overlay-type":"","overlay-color":"","overlay-gradient":""}},"footnotes":""},"class_list":["post-429","page","type-page","status-publish","hentry"],"uagb_featured_image_src":{"full":false,"thumbnail":false,"medium":false,"medium_large":false,"large":false,"1536x1536":false,"2048x2048":false},"uagb_author_info":{"display_name":"admin","author_link":"https:\/\/parturikampaamoshaka.fi\/?author=1"},"uagb_comment_info":0,"uagb_excerpt":"Kynsiteknikko Sofia \/ Soffun Kynnet Heiii m\u00e4 olen Sofia ja toimin Hyv\u00e4n Olon Shakassa kynsiteknikkona. Olen p\u00e4\u00e4ssyt t\u00e4nne toteuttamaan pitk\u00e4aikaista unelmaani ja olen t\u00e4st\u00e4 niiiin innoissani.&nbsp;Minulle on t\u00e4rke\u00e4\u00e4 ett\u00e4 saat tulla palveluihini t\u00e4ysin omana itsen\u00e4si ja l\u00e4hte\u00e4 tyytyv\u00e4isen\u00e4 saamasi palveluun ja lopputulokseen.&nbsp;K\u00e4denj\u00e4lke\u00e4ni p\u00e4\u00e4set kurkkaamaan instagramista @soffunkynnet N\u00e4hd\u00e4\u00e4n kynsien parissa! &lt;3 SEURAA SOMESSA @soffunkynnet Peruutusehdot Mik\u00e4li&hellip;","_links":{"self":[{"href":"https:\/\/parturikampaamoshaka.fi\/index.php?rest_route=\/wp\/v2\/pages\/429","targetHints":{"allow":["GET"]}}],"collection":[{"href":"https:\/\/parturikampaamoshaka.fi\/index.php?rest_route=\/wp\/v2\/pages"}],"about":[{"href":"https:\/\/parturikampaamoshaka.fi\/index.php?rest_route=\/wp\/v2\/types\/page"}],"author":[{"embeddable":true,"href":"https:\/\/parturikampaamoshaka.fi\/index.php?rest_route=\/wp\/v2\/users\/1"}],"replies":[{"embeddable":true,"href":"https:\/\/parturikampaamoshaka.fi\/index.php?rest_route=%2Fwp%2Fv2%2Fcomments&post=429"}],"version-history":[{"count":34,"href":"https:\/\/parturikampaamoshaka.fi\/index.php?rest_route=\/wp\/v2\/pages\/429\/revisions"}],"predecessor-version":[{"id":663,"href":"https:\/\/parturikampaamoshaka.fi\/index.php?rest_route=\/wp\/v2\/pages\/429\/revisions\/663"}],"wp:attachment":[{"href":"https:\/\/parturikampaamoshaka.fi\/index.php?rest_route=%2Fwp%2Fv2%2Fmedia&parent=429"}],"curies":[{"name":"wp","href":"https:\/\/api.w.org\/{rel}","templated":true}]}}