{"id":371,"date":"2023-11-07T12:12:13","date_gmt":"2023-11-07T12:12:13","guid":{"rendered":"https:\/\/parturikampaamoshaka.fi\/?page_id=371"},"modified":"2025-04-10T05:26:14","modified_gmt":"2025-04-10T05:26:14","slug":"hoidot-ja-hemmottelut","status":"publish","type":"page","link":"https:\/\/parturikampaamoshaka.fi\/?page_id=371","title":{"rendered":"Hieronta ja Kosmetologi"},"content":{"rendered":"\n<div class=\"wp-block-cover alignfull\" style=\"min-height:600px;aspect-ratio:unset;\"><span aria-hidden=\"true\" class=\"wp-block-cover__background has-background-dim-80 has-background-dim wp-block-cover__gradient-background has-background-gradient\" style=\"background:linear-gradient(180deg,rgb(35,35,35) 0%,rgba(255,255,255,0.36) 100%)\"><\/span><img loading=\"lazy\" decoding=\"async\" width=\"1500\" height=\"1000\" class=\"wp-block-cover__image-background wp-image-372\" alt=\"\" src=\"https:\/\/parturikampaamoshaka.fi\/wp-content\/uploads\/2023\/11\/woman-beauty-salon-having-face-neck-massage.jpg\" data-object-fit=\"cover\" srcset=\"https:\/\/parturikampaamoshaka.fi\/wp-content\/uploads\/2023\/11\/woman-beauty-salon-having-face-neck-massage.jpg 1500w, https:\/\/parturikampaamoshaka.fi\/wp-content\/uploads\/2023\/11\/woman-beauty-salon-having-face-neck-massage-300x200.jpg 300w, https:\/\/parturikampaamoshaka.fi\/wp-content\/uploads\/2023\/11\/woman-beauty-salon-having-face-neck-massage-1024x683.jpg 1024w, https:\/\/parturikampaamoshaka.fi\/wp-content\/uploads\/2023\/11\/woman-beauty-salon-having-face-neck-massage-768x512.jpg 768w\" sizes=\"auto, (max-width: 1500px) 100vw, 1500px\" \/><div class=\"wp-block-cover__inner-container is-layout-flow wp-block-cover-is-layout-flow\">\n<p><\/p>\n\n\n\n<p><\/p>\n\n\n\n<p><\/p>\n\n\n\n<p><\/p>\n\n\n\n<p><\/p>\n\n\n\n<p><\/p>\n\n\n\n<p><\/p>\n\n\n\n<p class=\"has-text-align-center\"><\/p>\n\n\n\n<h1 class=\"wp-block-heading has-text-align-center has-ast-global-color-5-color has-text-color\" id=\"hinnasto\" style=\"font-size:85px\"> Hieronta ja Kosmetologi<\/h1>\n\n\n\n<div class=\"wp-block-buttons is-content-justification-center is-layout-flex wp-container-core-buttons-is-layout-a89b3969 wp-block-buttons-is-layout-flex\">\n<div class=\"wp-block-button\"><a class=\"wp-block-button__link wp-element-button\" href=\"https:\/\/varaa.timma.fi\/rlrecovery\">Varaa aikasi hierontaan t\u00e4st\u00e4!<\/a><\/div>\n\n\n\n<div class=\"wp-block-button\"><a class=\"wp-block-button__link wp-element-button\" href=\"https:\/\/www.serenebeautyandspa.com\">Tutustu kosmetologiin ja palveluihin sek\u00e4 varaa t\u00e4st\u00e4!<\/a><\/div>\n<\/div>\n\n\n\n<h2 class=\"wp-block-heading has-text-align-center\"><\/h2>\n\n\n\n<p class=\"has-text-align-center\"><\/p>\n<\/div><\/div>\n\n\n\n<div style=\"height:40px\" aria-hidden=\"true\" class=\"wp-block-spacer\"><\/div>\n\n\n\n<figure class=\"wp-block-image aligncenter size-medium is-style-rounded\"><img loading=\"lazy\" decoding=\"async\" width=\"225\" height=\"300\" src=\"https:\/\/parturikampaamoshaka.fi\/wp-content\/uploads\/2025\/01\/IMG-20241226-WA0003-225x300.jpg\" alt=\"\" class=\"wp-image-621\" srcset=\"https:\/\/parturikampaamoshaka.fi\/wp-content\/uploads\/2025\/01\/IMG-20241226-WA0003-225x300.jpg 225w, https:\/\/parturikampaamoshaka.fi\/wp-content\/uploads\/2025\/01\/IMG-20241226-WA0003-768x1024.jpg 768w, https:\/\/parturikampaamoshaka.fi\/wp-content\/uploads\/2025\/01\/IMG-20241226-WA0003-1152x1536.jpg 1152w, https:\/\/parturikampaamoshaka.fi\/wp-content\/uploads\/2025\/01\/IMG-20241226-WA0003-1536x2048.jpg 1536w, https:\/\/parturikampaamoshaka.fi\/wp-content\/uploads\/2025\/01\/IMG-20241226-WA0003-scaled.jpg 1920w\" sizes=\"auto, (max-width: 225px) 100vw, 225px\" \/><\/figure>\n\n\n\n<h2 class=\"wp-block-heading has-text-align-center\"><strong>Hieroja Roni\/ RL Recovery<\/strong><\/h2>\n\n\n\n<p class=\"has-text-align-center\">Hei!<\/p>\n\n\n\n<p class=\"has-text-align-center\">Olen Roni ja tarjoan yksil\u00f6llisi\u00e4, ammattitaitoisia hierontapalveluja tarpeidesi mukaan. Olen valmistunut Tampereen urheiluhierojakoulusta 2020 ja sen j\u00e4lkeen ty\u00f6skennellyt p\u00e4\u00e4s\u00e4\u00e4nt\u00f6isesti eri urheilijoiden kanssa.<\/p>\n\n\n\n<p class=\"has-text-align-center\">Tavoitteenani on auttaa sinua lievitt\u00e4m\u00e4\u00e4n kipuja, j\u00e4nnitystiloja ja stressi\u00e4 sek\u00e4 edist\u00e4\u00e4 hyvinvointiasi. K\u00e4yt\u00e4n eri tekniikoita ja tyylej\u00e4, jotka r\u00e4\u00e4t\u00e4l\u00f6id\u00e4\u00e4n aina asiakkaan tarpeiden mukaan. Tarjoan my\u00f6s neuvoja ja liikkeit\u00e4, jotka auttavat sinua yll\u00e4pit\u00e4m\u00e4\u00e4n kehon hyvinvointia pitk\u00e4ll\u00e4 aikav\u00e4lill\u00e4.<\/p>\n\n\n\n<p class=\"has-text-align-center\">Tervetuloa rentoutumaan ja virkistym\u00e4\u00e4n!<\/p>\n\n\n\n<p class=\"has-text-align-center\"><strong>SEURAA SOMESSA @rl-recovery<\/strong><\/p>\n\n\n\n<p class=\"has-text-align-center\"><strong>Maksutapana nyt my\u00f6s Smartum ja ePassi <\/strong><\/p>\n\n\n\n<p class=\"has-text-align-center\"><strong> (tulossa Edenred)<\/strong><\/p>\n\n\n\n<section class=\"wp-block-uagb-columns uagb-columns__wrap uagb-columns__background-undefined uagb-columns__stack-mobile uagb-columns__valign-undefined uagb-columns__gap-10 alignfull uagb-block-f636c01a\"><div class=\"uagb-columns__overlay\"><\/div><div class=\"uagb-columns__inner-wrap uagb-columns__columns-1\">\n<div class=\"wp-block-uagb-column uagb-column__wrap uagb-column__background-undefined uagb-block-b9772f22\"><div class=\"uagb-column__overlay\"><\/div><div class=\"uagb-column__inner-wrap\">\n<h2 class=\"wp-block-heading has-text-align-center\" id=\"varikasittelyt-sisaltaa-hiustenleikkauksen\"><strong>Hieronta<\/strong><\/h2>\n\n\n\n<div class=\"wp-block-uagb-restaurant-menu uagb-rest_menu__outer-wrap uagb-block-457f3966\">\n<div class=\"uagb-rest_menu__wrap uagb-rest_menu_repeater  uagb-rm__align-left uagb-rm__desk-column-2 uagb-rm__tablet-column-2 uagb-rm__mobile-column-1 \"><div class=\"uagb-rest_menu__outer-wrap uagb-block-f76317f1\"><div class=\" uagb-rm__align-left uagb-rm__desk-column-2 uagb-rm__tablet-column-2 uagb-rm__mobile-column-1 \"><div class=\"uagb-rm__content\"><div class=\"uagb-rm__text-wrap\"><div class=\"uagb-rm-details\"><div class=\"uagb-rm__title-wrap\"><h4 class=\"uagb-rm__title\">Niska ja hartiahieronta 30 min <\/h4><div class=\"uagb-rest-menu-text-wrap\"><div class=\"uagb-rm__desc\"><\/div><\/div><\/div><div class=\"uagb-rm__price-wrap\"><span class=\"uagb-rm__price\">35\u20ac<\/span><\/div><\/div><\/div><\/div><div class=\"uagb-rm__separator-parent\"><div class=\"uagb-rm__separator\"><\/div><\/div><\/div><\/div><\/div>\n\n\n\n<div class=\"uagb-rest_menu__wrap uagb-rest_menu_repeater  uagb-rm__align-left uagb-rm__desk-column-2 uagb-rm__tablet-column-2 uagb-rm__mobile-column-1 \"><div class=\"uagb-rest_menu__outer-wrap uagb-block-42321a18\"><div class=\" uagb-rm__align-left uagb-rm__desk-column-2 uagb-rm__tablet-column-2 uagb-rm__mobile-column-1 \"><div class=\"uagb-rm__content\"><div class=\"uagb-rm__text-wrap\"><div class=\"uagb-rm-details\"><div class=\"uagb-rm__title-wrap\"><h4 class=\"uagb-rm__title\">Niska ja hartiahieronta 60 min <\/h4><div class=\"uagb-rest-menu-text-wrap\"><div class=\"uagb-rm__desc\"><\/div><\/div><\/div><div class=\"uagb-rm__price-wrap\"><span class=\"uagb-rm__price\">50\u20ac<\/span><\/div><\/div><\/div><\/div><div class=\"uagb-rm__separator-parent\"><div class=\"uagb-rm__separator\"><\/div><\/div><\/div><\/div><\/div>\n\n\n\n<div class=\"uagb-rest_menu__wrap uagb-rest_menu_repeater  uagb-rm__align-left uagb-rm__desk-column-2 uagb-rm__tablet-column-2 uagb-rm__mobile-column-1 \"><div class=\"uagb-rest_menu__outer-wrap uagb-block-50ee5cac\"><div class=\" uagb-rm__align-left uagb-rm__desk-column-2 uagb-rm__tablet-column-2 uagb-rm__mobile-column-1 \"><div class=\"uagb-rm__content\"><div class=\"uagb-rm__text-wrap\"><div class=\"uagb-rm-details\"><div class=\"uagb-rm__title-wrap\"><h4 class=\"uagb-rm__title\">Klassinen hieronta 30 min<\/h4><div class=\"uagb-rest-menu-text-wrap\"><div class=\"uagb-rm__desc\"><\/div><\/div><\/div><div class=\"uagb-rm__price-wrap\"><span class=\"uagb-rm__price\">35\u20ac<\/span><\/div><\/div><\/div><\/div><div class=\"uagb-rm__separator-parent\"><div class=\"uagb-rm__separator\"><\/div><\/div><\/div><\/div><\/div>\n\n\n\n<div class=\"uagb-rest_menu__wrap uagb-rest_menu_repeater  uagb-rm__align-left uagb-rm__desk-column-2 uagb-rm__tablet-column-2 uagb-rm__mobile-column-1 \"><div class=\"uagb-rest_menu__outer-wrap uagb-block-0c4f3ad5\"><div class=\" uagb-rm__align-left uagb-rm__desk-column-2 uagb-rm__tablet-column-2 uagb-rm__mobile-column-1 \"><div class=\"uagb-rm__content\"><div class=\"uagb-rm__text-wrap\"><div class=\"uagb-rm-details\"><div class=\"uagb-rm__title-wrap\"><h4 class=\"uagb-rm__title\">Klassinen hieronta 60 min<\/h4><div class=\"uagb-rest-menu-text-wrap\"><div class=\"uagb-rm__desc\"><\/div><\/div><\/div><div class=\"uagb-rm__price-wrap\"><span class=\"uagb-rm__price\">50\u20ac<\/span><\/div><\/div><\/div><\/div><div class=\"uagb-rm__separator-parent\"><div class=\"uagb-rm__separator\"><\/div><\/div><\/div><\/div><\/div>\n\n\n\n<div class=\"uagb-rest_menu__wrap uagb-rest_menu_repeater  uagb-rm__align-left uagb-rm__desk-column-2 uagb-rm__tablet-column-2 uagb-rm__mobile-column-1 \"><div class=\"uagb-rest_menu__outer-wrap uagb-block-c91d4dc5\"><div class=\" uagb-rm__align-left uagb-rm__desk-column-2 uagb-rm__tablet-column-2 uagb-rm__mobile-column-1 \"><div class=\"uagb-rm__content\"><div class=\"uagb-rm__text-wrap\"><div class=\"uagb-rm-details\"><div class=\"uagb-rm__title-wrap\"><h4 class=\"uagb-rm__title\">Klassinen hieronta 75 min<\/h4><div class=\"uagb-rest-menu-text-wrap\"><div class=\"uagb-rm__desc\"><\/div><\/div><\/div><div class=\"uagb-rm__price-wrap\"><span class=\"uagb-rm__price\">60\u20ac<\/span><\/div><\/div><\/div><\/div><div class=\"uagb-rm__separator-parent\"><div class=\"uagb-rm__separator\"><\/div><\/div><\/div><\/div><\/div>\n\n\n\n<div class=\"uagb-rest_menu__wrap uagb-rest_menu_repeater  uagb-rm__align-left uagb-rm__desk-column-2 uagb-rm__tablet-column-2 uagb-rm__mobile-column-1 \"><div class=\"uagb-rest_menu__outer-wrap uagb-block-5b646a20\"><div class=\" uagb-rm__align-left uagb-rm__desk-column-2 uagb-rm__tablet-column-2 uagb-rm__mobile-column-1 \"><div class=\"uagb-rm__content\"><div class=\"uagb-rm__text-wrap\"><div class=\"uagb-rm-details\"><div class=\"uagb-rm__title-wrap\"><h4 class=\"uagb-rm__title\">Klassinen hieronta 90 min<\/h4><div class=\"uagb-rest-menu-text-wrap\"><div class=\"uagb-rm__desc\"><\/div><\/div><\/div><div class=\"uagb-rm__price-wrap\"><span class=\"uagb-rm__price\">70\u20ac<\/span><\/div><\/div><\/div><\/div><div class=\"uagb-rm__separator-parent\"><div class=\"uagb-rm__separator\"><\/div><\/div><\/div><\/div><\/div>\n\n\n\n<div class=\"uagb-rest_menu__wrap uagb-rest_menu_repeater  uagb-rm__align-left uagb-rm__desk-column-2 uagb-rm__tablet-column-2 uagb-rm__mobile-column-1 \"><div class=\"uagb-rest_menu__outer-wrap uagb-block-ef2de233\"><div class=\" uagb-rm__align-left uagb-rm__desk-column-2 uagb-rm__tablet-column-2 uagb-rm__mobile-column-1 \"><div class=\"uagb-rm__content\"><div class=\"uagb-rm__text-wrap\"><div class=\"uagb-rm-details\"><div class=\"uagb-rm__title-wrap\"><h4 class=\"uagb-rm__title\">Urheiluhieronta 30 min<\/h4><div class=\"uagb-rest-menu-text-wrap\"><div class=\"uagb-rm__desc\"><\/div><\/div><\/div><div class=\"uagb-rm__price-wrap\"><span class=\"uagb-rm__price\">35\u20ac<\/span><\/div><\/div><\/div><\/div><div class=\"uagb-rm__separator-parent\"><div class=\"uagb-rm__separator\"><\/div><\/div><\/div><\/div><\/div>\n\n\n\n<div class=\"uagb-rest_menu__wrap uagb-rest_menu_repeater  uagb-rm__align-left uagb-rm__desk-column-2 uagb-rm__tablet-column-2 uagb-rm__mobile-column-1 \"><div class=\"uagb-rest_menu__outer-wrap uagb-block-7dbe0368\"><div class=\" uagb-rm__align-left uagb-rm__desk-column-2 uagb-rm__tablet-column-2 uagb-rm__mobile-column-1 \"><div class=\"uagb-rm__content\"><div class=\"uagb-rm__text-wrap\"><div class=\"uagb-rm-details\"><div class=\"uagb-rm__title-wrap\"><h4 class=\"uagb-rm__title\">Urheiluhieronta 60 min<\/h4><div class=\"uagb-rest-menu-text-wrap\"><div class=\"uagb-rm__desc\"><\/div><\/div><\/div><div class=\"uagb-rm__price-wrap\"><span class=\"uagb-rm__price\">50\u20ac<\/span><\/div><\/div><\/div><\/div><div class=\"uagb-rm__separator-parent\"><div class=\"uagb-rm__separator\"><\/div><\/div><\/div><\/div><\/div>\n\n\n\n<div class=\"uagb-rest_menu__wrap uagb-rest_menu_repeater  uagb-rm__align-left uagb-rm__desk-column-2 uagb-rm__tablet-column-2 uagb-rm__mobile-column-1 \"><div class=\"uagb-rest_menu__outer-wrap uagb-block-5ac28c6f\"><div class=\" uagb-rm__align-left uagb-rm__desk-column-2 uagb-rm__tablet-column-2 uagb-rm__mobile-column-1 \"><div class=\"uagb-rm__content\"><div class=\"uagb-rm__text-wrap\"><div class=\"uagb-rm-details\"><div class=\"uagb-rm__title-wrap\"><h4 class=\"uagb-rm__title\">Urheiluhieronta 75 min<\/h4><div class=\"uagb-rest-menu-text-wrap\"><div class=\"uagb-rm__desc\"><\/div><\/div><\/div><div class=\"uagb-rm__price-wrap\"><span class=\"uagb-rm__price\">60\u20ac<\/span><\/div><\/div><\/div><\/div><div class=\"uagb-rm__separator-parent\"><div class=\"uagb-rm__separator\"><\/div><\/div><\/div><\/div><\/div>\n\n\n\n<div class=\"uagb-rest_menu__wrap uagb-rest_menu_repeater  uagb-rm__align-left uagb-rm__desk-column-2 uagb-rm__tablet-column-2 uagb-rm__mobile-column-1 \"><div class=\"uagb-rest_menu__outer-wrap uagb-block-e78d1d2b\"><div class=\" uagb-rm__align-left uagb-rm__desk-column-2 uagb-rm__tablet-column-2 uagb-rm__mobile-column-1 \"><div class=\"uagb-rm__content\"><div class=\"uagb-rm__text-wrap\"><div class=\"uagb-rm-details\"><div class=\"uagb-rm__title-wrap\"><h4 class=\"uagb-rm__title\">Urheiluhieronta 90 min<\/h4><div class=\"uagb-rest-menu-text-wrap\"><div class=\"uagb-rm__desc\"><\/div><\/div><\/div><div class=\"uagb-rm__price-wrap\"><span class=\"uagb-rm__price\">70\u20ac<\/span><\/div><\/div><\/div><\/div><div class=\"uagb-rm__separator-parent\"><div class=\"uagb-rm__separator\"><\/div><\/div><\/div><\/div><\/div>\n<\/div>\n<\/div><\/div>\n<\/div><\/section>\n\n\n\n<figure class=\"wp-block-image aligncenter size-medium is-style-rounded\"><img loading=\"lazy\" decoding=\"async\" width=\"191\" height=\"300\" src=\"https:\/\/parturikampaamoshaka.fi\/wp-content\/uploads\/2023\/11\/maija-191x300.jpg\" alt=\"\" class=\"wp-image-427\" srcset=\"https:\/\/parturikampaamoshaka.fi\/wp-content\/uploads\/2023\/11\/maija-191x300.jpg 191w, https:\/\/parturikampaamoshaka.fi\/wp-content\/uploads\/2023\/11\/maija.jpg 379w\" sizes=\"auto, (max-width: 191px) 100vw, 191px\" \/><\/figure>\n\n\n\n<h2 class=\"wp-block-heading has-text-align-center\"><strong>Kosmetologi Maija \/ Serene Beauty Spa<\/strong><\/h2>\n\n\n\n<p class=\"has-text-align-center\">Hoitolan puolella palvelen min\u00e4 <strong>Maija<\/strong>, 15 vuotta kosmetiikan parissa viihtynyt kosmetologi. <\/p>\n\n\n\n<p class=\"has-text-align-center\"><em>Palveluistani l\u00f6yd\u00e4t tehokkaat, sek\u00e4 hemmottelevat kasvo- ja vartalohoidot, suihkurusketuksen ja ripsien kestotaivutukset, kulmien laminoinnit, kestov\u00e4rj\u00e4ykset ja kasvojen alueen vahaukset. En voisi kuvitellakaan ty\u00f6skentelev\u00e4ni muulla alalla, ja lapsesta asti olikin selke\u00e4\u00e4 mille alalle suuntaudun. Minulle on t\u00e4rke\u00e4\u00e4, ett\u00e4 kaikki asiakkaat voivat aina tulla luokseni kaunistautumaan ja rentoutumaan, ja ihan mill\u00e4 fiiliksell\u00e4 tahansa, tai mink\u00e4 iho-ongelman kanssa vain. K\u00e4yt\u00f6ss\u00e4ni on parhaat hoitolasarjat ja kasvohoitolaitteet, ja ihosi tarpeen mukaan tehd\u00e4\u00e4n juuri sinulle parhain ja sopivin hoito.<\/em><\/p>\n\n\n\n<p class=\"has-text-align-center\"><strong>Serene Beauty Spa nettisivut www.serenebeautyandspa<\/strong><\/p>\n\n\n\n<p class=\"has-text-align-center\"><strong> Seuraa somessa @serene.beauty.spa<\/strong><\/p>\n\n\n\n<p class=\"has-text-align-center\"><strong>Tiedustelut my\u00f6s s\u00e4hk\u00f6postilla info@serenebeautyandspa.com <\/strong><\/p>\n\n\n\n<p class=\"has-text-align-center\"><\/p>\n\n\n\n<p><\/p>\n\n\n\n<p><\/p>\n\n\n\n<p class=\"has-text-align-left\"><strong>Peruutusehdot<\/strong><\/p>\n\n\n\n<p class=\"has-text-align-left\"><em>Mik\u00e4li joudut peruuttamaan aikasi, teeth\u00e4n sen viimeist\u00e4\u00e4n 24h ennen varattua aikaa. Saman vuorokauden aikana tehdyist\u00e4 peruutuksista yritt\u00e4j\u00e4ll\u00e4 on oikeus peri\u00e4 50% palvelun hinnasta sek\u00e4 kokonaan peruuttamattomista ajoista 100% palvelun hinnasta.<\/em><\/p>\n\n\n\n<div style=\"height:38px\" aria-hidden=\"true\" class=\"wp-block-spacer\"><\/div>\n","protected":false},"excerpt":{"rendered":"<p>Hieroja Roni\/ RL Recovery Hei! Olen Roni ja tarjoan yksil\u00f6llisi\u00e4, ammattitaitoisia hierontapalveluja tarpeidesi mukaan. Olen valmistunut Tampereen urheiluhierojakoulusta 2020 ja sen j\u00e4lkeen ty\u00f6skennellyt p\u00e4\u00e4s\u00e4\u00e4nt\u00f6isesti eri urheilijoiden kanssa. Tavoitteenani on auttaa sinua lievitt\u00e4m\u00e4\u00e4n kipuja, j\u00e4nnitystiloja ja stressi\u00e4 sek\u00e4 edist\u00e4\u00e4 hyvinvointiasi. K\u00e4yt\u00e4n eri tekniikoita ja tyylej\u00e4, jotka r\u00e4\u00e4t\u00e4l\u00f6id\u00e4\u00e4n aina asiakkaan tarpeiden mukaan. Tarjoan my\u00f6s neuvoja ja liikkeit\u00e4, [&hellip;]<\/p>\n","protected":false},"author":1,"featured_media":0,"parent":0,"menu_order":0,"comment_status":"closed","ping_status":"closed","template":"","meta":{"site-sidebar-layout":"default","site-content-layout":"default","ast-site-content-layout":"default","site-content-style":"default","site-sidebar-style":"default","ast-global-header-display":"","ast-banner-title-visibility":"","ast-main-header-display":"","ast-hfb-above-header-display":"","ast-hfb-below-header-display":"","ast-hfb-mobile-header-display":"","site-post-title":"disabled","ast-breadcrumbs-content":"","ast-featured-img":"","footer-sml-layout":"","theme-transparent-header-meta":"enabled","adv-header-id-meta":"","stick-header-meta":"disabled","header-above-stick-meta":"","header-main-stick-meta":"","header-below-stick-meta":"","astra-migrate-meta-layouts":"set","ast-page-background-enabled":"default","ast-page-background-meta":{"desktop":{"background-color":"","background-image":"","background-repeat":"repeat","background-position":"center center","background-size":"auto","background-attachment":"scroll","background-type":"","background-media":"","overlay-type":"","overlay-color":"","overlay-gradient":""},"tablet":{"background-color":"","background-image":"","background-repeat":"repeat","background-position":"center center","background-size":"auto","background-attachment":"scroll","background-type":"","background-media":"","overlay-type":"","overlay-color":"","overlay-gradient":""},"mobile":{"background-color":"","background-image":"","background-repeat":"repeat","background-position":"center center","background-size":"auto","background-attachment":"scroll","background-type":"","background-media":"","overlay-type":"","overlay-color":"","overlay-gradient":""}},"ast-content-background-meta":{"desktop":{"background-color":"var(--ast-global-color-5)","background-image":"","background-repeat":"repeat","background-position":"center center","background-size":"auto","background-attachment":"scroll","background-type":"","background-media":"","overlay-type":"","overlay-color":"","overlay-gradient":""},"tablet":{"background-color":"var(--ast-global-color-5)","background-image":"","background-repeat":"repeat","background-position":"center center","background-size":"auto","background-attachment":"scroll","background-type":"","background-media":"","overlay-type":"","overlay-color":"","overlay-gradient":""},"mobile":{"background-color":"var(--ast-global-color-5)","background-image":"","background-repeat":"repeat","background-position":"center center","background-size":"auto","background-attachment":"scroll","background-type":"","background-media":"","overlay-type":"","overlay-color":"","overlay-gradient":""}},"footnotes":""},"class_list":["post-371","page","type-page","status-publish","hentry"],"uagb_featured_image_src":{"full":false,"thumbnail":false,"medium":false,"medium_large":false,"large":false,"1536x1536":false,"2048x2048":false},"uagb_author_info":{"display_name":"admin","author_link":"https:\/\/parturikampaamoshaka.fi\/?author=1"},"uagb_comment_info":0,"uagb_excerpt":"Hieroja Roni\/ RL Recovery Hei! Olen Roni ja tarjoan yksil\u00f6llisi\u00e4, ammattitaitoisia hierontapalveluja tarpeidesi mukaan. Olen valmistunut Tampereen urheiluhierojakoulusta 2020 ja sen j\u00e4lkeen ty\u00f6skennellyt p\u00e4\u00e4s\u00e4\u00e4nt\u00f6isesti eri urheilijoiden kanssa. Tavoitteenani on auttaa sinua lievitt\u00e4m\u00e4\u00e4n kipuja, j\u00e4nnitystiloja ja stressi\u00e4 sek\u00e4 edist\u00e4\u00e4 hyvinvointiasi. K\u00e4yt\u00e4n eri tekniikoita ja tyylej\u00e4, jotka r\u00e4\u00e4t\u00e4l\u00f6id\u00e4\u00e4n aina asiakkaan tarpeiden mukaan. Tarjoan my\u00f6s neuvoja ja liikkeit\u00e4,&hellip;","_links":{"self":[{"href":"https:\/\/parturikampaamoshaka.fi\/index.php?rest_route=\/wp\/v2\/pages\/371","targetHints":{"allow":["GET"]}}],"collection":[{"href":"https:\/\/parturikampaamoshaka.fi\/index.php?rest_route=\/wp\/v2\/pages"}],"about":[{"href":"https:\/\/parturikampaamoshaka.fi\/index.php?rest_route=\/wp\/v2\/types\/page"}],"author":[{"embeddable":true,"href":"https:\/\/parturikampaamoshaka.fi\/index.php?rest_route=\/wp\/v2\/users\/1"}],"replies":[{"embeddable":true,"href":"https:\/\/parturikampaamoshaka.fi\/index.php?rest_route=%2Fwp%2Fv2%2Fcomments&post=371"}],"version-history":[{"count":30,"href":"https:\/\/parturikampaamoshaka.fi\/index.php?rest_route=\/wp\/v2\/pages\/371\/revisions"}],"predecessor-version":[{"id":667,"href":"https:\/\/parturikampaamoshaka.fi\/index.php?rest_route=\/wp\/v2\/pages\/371\/revisions\/667"}],"wp:attachment":[{"href":"https:\/\/parturikampaamoshaka.fi\/index.php?rest_route=%2Fwp%2Fv2%2Fmedia&parent=371"}],"curies":[{"name":"wp","href":"https:\/\/api.w.org\/{rel}","templated":true}]}}